{"id":1105,"date":"2025-05-24T21:29:46","date_gmt":"2025-05-24T19:29:46","guid":{"rendered":"https:\/\/latelierdekarina.fr\/?post_type=product&#038;p=1105"},"modified":"2025-09-16T20:15:27","modified_gmt":"2025-09-16T18:15:27","slug":"echarpes-grille","status":"publish","type":"product","link":"https:\/\/latelierdekarina.fr\/index.php\/produit\/echarpes-grille\/","title":{"rendered":"\u00c9charpe grille violet"},"content":{"rendered":"<p>&nbsp;<\/p>\n<h3 class=\"\" data-start=\"224\" data-end=\"274\">\u00c9CHARPE EN M\u00c9RINOS FEUTR\u00c9 \u2013 DESSIN GRILLE<\/h3>\n<p class=\"\" data-start=\"275\" data-end=\"310\"><strong data-start=\"275\" data-end=\"310\">Lignes douces pour hiver tendre<\/strong><\/p>\n<p class=\"\" data-start=\"312\" data-end=\"601\">Tiss\u00e9e dans une laine m\u00e9rinos d&#8217;une finesse exceptionnelle, cette \u00e9charpe feutr\u00e9e est un v\u00e9ritable nuage contre la peau. Son motif en <strong data-start=\"446\" data-end=\"466\">dessin de grille<\/strong> \u2013 un quadrillage sobre et \u00e9l\u00e9gant \u2013 \u00e9voque \u00e0 la fois les anciens carnets de croquis et les fen\u00eatres ouvertes sur les paysages d\u2019hiver.<\/p>\n<p class=\"\" data-start=\"603\" data-end=\"861\">Chaque carr\u00e9, chaque ligne, semble tracer une g\u00e9om\u00e9trie du confort, un fil entre tradition et modernit\u00e9. Le feutrage, r\u00e9alis\u00e9 \u00e0 la main, conf\u00e8re \u00e0 la mati\u00e8re une texture moelleuse, l\u00e9g\u00e8rement duveteuse, qui garde la chaleur tout en laissant respirer la peau.<\/p>\n<p class=\"\" data-start=\"863\" data-end=\"1058\">Elle se porte aussi bien nou\u00e9e autour du cou que pos\u00e9e librement sur les \u00e9paules. Une pi\u00e8ce artisanale, authentique et pleine de caract\u00e8re, pens\u00e9e pour accompagner les saisons froides avec gr\u00e2ce.<\/p>\n","protected":false},"excerpt":{"rendered":"<p>\u00e9charpe feutr\u00e9 en 100%laine m\u00e9rinos<\/p>\n<div class='heateor_sss_sharing_container heateor_sss_vertical_sharing heateor_sss_bottom_sharing' style='width:44px;right: -10px;top: 100px;-webkit-box-shadow:none;box-shadow:none;' data-heateor-sss-href='https:\/\/latelierdekarina.fr\/index.php\/wp-json\/wp\/v2\/product\/1105'><div class=\"heateor_sss_sharing_ul\"><a aria-label=\"Instagram\" class=\"heateor_sss_button_instagram\" href=\"https:\/\/www.instagram.com\/latelier_de_karina\" title=\"Instagram\" rel=\"nofollow noopener\" target=\"_blank\" style=\"font-size:32px!important;box-shadow:none;display:inline-block;vertical-align:middle\"><span class=\"heateor_sss_svg\" style=\"background-color:#53beee;width:40px;height:40px;border-radius:999px;display:inline-block;opacity:1;float:left;font-size:32px;box-shadow:none;display:inline-block;font-size:16px;padding:0 4px;vertical-align:middle;background-repeat:repeat;overflow:hidden;padding:0;cursor:pointer;box-sizing:content-box\"><svg style=\"display:block;border-radius:999px;\" version=\"1.1\" viewBox=\"-10 -10 148 148\" width=\"100%\" height=\"100%\" xml:space=\"preserve\" xmlns=\"http:\/\/www.w3.org\/2000\/svg\" xmlns:xlink=\"http:\/\/www.w3.org\/1999\/xlink\"><g><g><path d=\"M86,112H42c-14.336,0-26-11.663-26-26V42c0-14.337,11.664-26,26-26h44c14.337,0,26,11.663,26,26v44 C112,100.337,100.337,112,86,112z M42,24c-9.925,0-18,8.074-18,18v44c0,9.925,8.075,18,18,18h44c9.926,0,18-8.075,18-18V42 c0-9.926-8.074-18-18-18H42z\" fill=\"#fff\"><\/path><\/g><g><path d=\"M64,88c-13.234,0-24-10.767-24-24c0-13.234,10.766-24,24-24s24,10.766,24,24C88,77.233,77.234,88,64,88z M64,48c-8.822,0-16,7.178-16,16s7.178,16,16,16c8.822,0,16-7.178,16-16S72.822,48,64,48z\" fill=\"#fff\"><\/path><\/g><g><circle cx=\"89.5\" cy=\"38.5\" fill=\"#fff\" r=\"5.5\"><\/circle><\/g><\/g><\/svg><\/span><\/a><\/div><div class=\"heateorSssClear\"><\/div><\/div>","protected":false},"featured_media":1109,"comment_status":"open","ping_status":"closed","template":"","meta":[],"product_brand":[],"product_cat":[32],"product_tag":[],"class_list":{"0":"post-1105","1":"product","2":"type-product","3":"status-publish","4":"has-post-thumbnail","6":"product_cat-laine-merinos","8":"entry","9":"has-media","11":"first","12":"instock","13":"shipping-taxable","14":"purchasable","15":"product-type-simple","16":"has-product-nav","17":"col","18":"span_1_of_3","19":"owp-content-center","20":"owp-thumbs-layout-horizontal","21":"owp-btn-normal","22":"owp-tabs-layout-horizontal"},"yoast_head":"<!-- This site is optimized with the Yoast SEO plugin v27.2 - https:\/\/yoast.com\/product\/yoast-seo-wordpress\/ -->\n<title>\u00c9charpe grille violet - L&#039;atelier de karina<\/title>\n<meta name=\"robots\" content=\"index, follow, max-snippet:-1, max-image-preview:large, max-video-preview:-1\" \/>\n<link rel=\"canonical\" href=\"https:\/\/latelierdekarina.fr\/index.php\/produit\/echarpes-grille\/\" \/>\n<meta property=\"og:locale\" content=\"en_US\" \/>\n<meta property=\"og:type\" content=\"article\" \/>\n<meta property=\"og:title\" content=\"\u00c9charpe grille violet - L&#039;atelier de karina\" \/>\n<meta property=\"og:description\" content=\"\u00e9charpe feutr\u00e9 en 100%laine m\u00e9rinos\" \/>\n<meta property=\"og:url\" content=\"https:\/\/latelierdekarina.fr\/index.php\/produit\/echarpes-grille\/\" \/>\n<meta property=\"og:site_name\" content=\"L&#039;atelier de karina\" \/>\n<meta property=\"article:modified_time\" content=\"2025-09-16T18:15:27+00:00\" \/>\n<meta property=\"og:image\" content=\"http:\/\/latelierdekarina.fr\/wp-content\/uploads\/2025\/05\/IMG_5608-scaled.jpg\" \/>\n\t<meta property=\"og:image:width\" content=\"1920\" \/>\n\t<meta property=\"og:image:height\" content=\"2560\" \/>\n\t<meta property=\"og:image:type\" content=\"image\/jpeg\" \/>\n<meta name=\"twitter:card\" content=\"summary_large_image\" \/>\n<meta name=\"twitter:label1\" content=\"Est. reading time\" \/>\n\t<meta name=\"twitter:data1\" content=\"1 minute\" \/>\n<script type=\"application\/ld+json\" class=\"yoast-schema-graph\">{\"@context\":\"https:\/\/schema.org\",\"@graph\":[{\"@type\":\"WebPage\",\"@id\":\"https:\/\/latelierdekarina.fr\/index.php\/produit\/echarpes-grille\/\",\"url\":\"https:\/\/latelierdekarina.fr\/index.php\/produit\/echarpes-grille\/\",\"name\":\"\u00c9charpe grille violet - L&#039;atelier de karina\",\"isPartOf\":{\"@id\":\"https:\/\/latelierdekarina.fr\/#website\"},\"primaryImageOfPage\":{\"@id\":\"https:\/\/latelierdekarina.fr\/index.php\/produit\/echarpes-grille\/#primaryimage\"},\"image\":{\"@id\":\"https:\/\/latelierdekarina.fr\/index.php\/produit\/echarpes-grille\/#primaryimage\"},\"thumbnailUrl\":\"https:\/\/latelierdekarina.fr\/wp-content\/uploads\/2025\/05\/IMG_5608-scaled.jpg\",\"datePublished\":\"2025-05-24T19:29:46+00:00\",\"dateModified\":\"2025-09-16T18:15:27+00:00\",\"breadcrumb\":{\"@id\":\"https:\/\/latelierdekarina.fr\/index.php\/produit\/echarpes-grille\/#breadcrumb\"},\"inLanguage\":\"en-US\",\"potentialAction\":[{\"@type\":\"ReadAction\",\"target\":[\"https:\/\/latelierdekarina.fr\/index.php\/produit\/echarpes-grille\/\"]}]},{\"@type\":\"ImageObject\",\"inLanguage\":\"en-US\",\"@id\":\"https:\/\/latelierdekarina.fr\/index.php\/produit\/echarpes-grille\/#primaryimage\",\"url\":\"https:\/\/latelierdekarina.fr\/wp-content\/uploads\/2025\/05\/IMG_5608-scaled.jpg\",\"contentUrl\":\"https:\/\/latelierdekarina.fr\/wp-content\/uploads\/2025\/05\/IMG_5608-scaled.jpg\",\"width\":1920,\"height\":2560},{\"@type\":\"BreadcrumbList\",\"@id\":\"https:\/\/latelierdekarina.fr\/index.php\/produit\/echarpes-grille\/#breadcrumb\",\"itemListElement\":[{\"@type\":\"ListItem\",\"position\":1,\"name\":\"Accueil\",\"item\":\"https:\/\/latelierdekarina.fr\/\"},{\"@type\":\"ListItem\",\"position\":2,\"name\":\"Produits\",\"item\":\"https:\/\/latelierdekarina.fr\/index.php\/boutique\/\"},{\"@type\":\"ListItem\",\"position\":3,\"name\":\"\u00c9charpe grille violet\"}]},{\"@type\":\"WebSite\",\"@id\":\"https:\/\/latelierdekarina.fr\/#website\",\"url\":\"https:\/\/latelierdekarina.fr\/\",\"name\":\"L&#039;atelier de karina\",\"description\":\"Un site utilisant WordPress\",\"publisher\":{\"@id\":\"https:\/\/latelierdekarina.fr\/#organization\"},\"potentialAction\":[{\"@type\":\"SearchAction\",\"target\":{\"@type\":\"EntryPoint\",\"urlTemplate\":\"https:\/\/latelierdekarina.fr\/?s={search_term_string}\"},\"query-input\":{\"@type\":\"PropertyValueSpecification\",\"valueRequired\":true,\"valueName\":\"search_term_string\"}}],\"inLanguage\":\"en-US\"},{\"@type\":\"Organization\",\"@id\":\"https:\/\/latelierdekarina.fr\/#organization\",\"name\":\"L&#039;atelier de karina\",\"url\":\"https:\/\/latelierdekarina.fr\/\",\"logo\":{\"@type\":\"ImageObject\",\"inLanguage\":\"en-US\",\"@id\":\"https:\/\/latelierdekarina.fr\/#\/schema\/logo\/image\/\",\"url\":\"https:\/\/latelierdekarina.fr\/wp-content\/uploads\/2025\/04\/cropped-Logo-site-Internet.jpg\",\"contentUrl\":\"https:\/\/latelierdekarina.fr\/wp-content\/uploads\/2025\/04\/cropped-Logo-site-Internet.jpg\",\"width\":1023,\"height\":829,\"caption\":\"L&#039;atelier de karina\"},\"image\":{\"@id\":\"https:\/\/latelierdekarina.fr\/#\/schema\/logo\/image\/\"}}]}<\/script>\n<!-- \/ Yoast SEO plugin. -->","yoast_head_json":{"title":"\u00c9charpe grille violet - L&#039;atelier de karina","robots":{"index":"index","follow":"follow","max-snippet":"max-snippet:-1","max-image-preview":"max-image-preview:large","max-video-preview":"max-video-preview:-1"},"canonical":"https:\/\/latelierdekarina.fr\/index.php\/produit\/echarpes-grille\/","og_locale":"en_US","og_type":"article","og_title":"\u00c9charpe grille violet - L&#039;atelier de karina","og_description":"\u00e9charpe feutr\u00e9 en 100%laine m\u00e9rinos","og_url":"https:\/\/latelierdekarina.fr\/index.php\/produit\/echarpes-grille\/","og_site_name":"L&#039;atelier de karina","article_modified_time":"2025-09-16T18:15:27+00:00","og_image":[{"width":1920,"height":2560,"url":"http:\/\/latelierdekarina.fr\/wp-content\/uploads\/2025\/05\/IMG_5608-scaled.jpg","type":"image\/jpeg"}],"twitter_card":"summary_large_image","twitter_misc":{"Est. reading time":"1 minute"},"schema":{"@context":"https:\/\/schema.org","@graph":[{"@type":"WebPage","@id":"https:\/\/latelierdekarina.fr\/index.php\/produit\/echarpes-grille\/","url":"https:\/\/latelierdekarina.fr\/index.php\/produit\/echarpes-grille\/","name":"\u00c9charpe grille violet - L&#039;atelier de karina","isPartOf":{"@id":"https:\/\/latelierdekarina.fr\/#website"},"primaryImageOfPage":{"@id":"https:\/\/latelierdekarina.fr\/index.php\/produit\/echarpes-grille\/#primaryimage"},"image":{"@id":"https:\/\/latelierdekarina.fr\/index.php\/produit\/echarpes-grille\/#primaryimage"},"thumbnailUrl":"https:\/\/latelierdekarina.fr\/wp-content\/uploads\/2025\/05\/IMG_5608-scaled.jpg","datePublished":"2025-05-24T19:29:46+00:00","dateModified":"2025-09-16T18:15:27+00:00","breadcrumb":{"@id":"https:\/\/latelierdekarina.fr\/index.php\/produit\/echarpes-grille\/#breadcrumb"},"inLanguage":"en-US","potentialAction":[{"@type":"ReadAction","target":["https:\/\/latelierdekarina.fr\/index.php\/produit\/echarpes-grille\/"]}]},{"@type":"ImageObject","inLanguage":"en-US","@id":"https:\/\/latelierdekarina.fr\/index.php\/produit\/echarpes-grille\/#primaryimage","url":"https:\/\/latelierdekarina.fr\/wp-content\/uploads\/2025\/05\/IMG_5608-scaled.jpg","contentUrl":"https:\/\/latelierdekarina.fr\/wp-content\/uploads\/2025\/05\/IMG_5608-scaled.jpg","width":1920,"height":2560},{"@type":"BreadcrumbList","@id":"https:\/\/latelierdekarina.fr\/index.php\/produit\/echarpes-grille\/#breadcrumb","itemListElement":[{"@type":"ListItem","position":1,"name":"Accueil","item":"https:\/\/latelierdekarina.fr\/"},{"@type":"ListItem","position":2,"name":"Produits","item":"https:\/\/latelierdekarina.fr\/index.php\/boutique\/"},{"@type":"ListItem","position":3,"name":"\u00c9charpe grille violet"}]},{"@type":"WebSite","@id":"https:\/\/latelierdekarina.fr\/#website","url":"https:\/\/latelierdekarina.fr\/","name":"L&#039;atelier de karina","description":"Un site utilisant WordPress","publisher":{"@id":"https:\/\/latelierdekarina.fr\/#organization"},"potentialAction":[{"@type":"SearchAction","target":{"@type":"EntryPoint","urlTemplate":"https:\/\/latelierdekarina.fr\/?s={search_term_string}"},"query-input":{"@type":"PropertyValueSpecification","valueRequired":true,"valueName":"search_term_string"}}],"inLanguage":"en-US"},{"@type":"Organization","@id":"https:\/\/latelierdekarina.fr\/#organization","name":"L&#039;atelier de karina","url":"https:\/\/latelierdekarina.fr\/","logo":{"@type":"ImageObject","inLanguage":"en-US","@id":"https:\/\/latelierdekarina.fr\/#\/schema\/logo\/image\/","url":"https:\/\/latelierdekarina.fr\/wp-content\/uploads\/2025\/04\/cropped-Logo-site-Internet.jpg","contentUrl":"https:\/\/latelierdekarina.fr\/wp-content\/uploads\/2025\/04\/cropped-Logo-site-Internet.jpg","width":1023,"height":829,"caption":"L&#039;atelier de karina"},"image":{"@id":"https:\/\/latelierdekarina.fr\/#\/schema\/logo\/image\/"}}]}},"_links":{"self":[{"href":"https:\/\/latelierdekarina.fr\/index.php\/wp-json\/wp\/v2\/product\/1105","targetHints":{"allow":["GET"]}}],"collection":[{"href":"https:\/\/latelierdekarina.fr\/index.php\/wp-json\/wp\/v2\/product"}],"about":[{"href":"https:\/\/latelierdekarina.fr\/index.php\/wp-json\/wp\/v2\/types\/product"}],"replies":[{"embeddable":true,"href":"https:\/\/latelierdekarina.fr\/index.php\/wp-json\/wp\/v2\/comments?post=1105"}],"wp:featuredmedia":[{"embeddable":true,"href":"https:\/\/latelierdekarina.fr\/index.php\/wp-json\/wp\/v2\/media\/1109"}],"wp:attachment":[{"href":"https:\/\/latelierdekarina.fr\/index.php\/wp-json\/wp\/v2\/media?parent=1105"}],"wp:term":[{"taxonomy":"product_brand","embeddable":true,"href":"https:\/\/latelierdekarina.fr\/index.php\/wp-json\/wp\/v2\/product_brand?post=1105"},{"taxonomy":"product_cat","embeddable":true,"href":"https:\/\/latelierdekarina.fr\/index.php\/wp-json\/wp\/v2\/product_cat?post=1105"},{"taxonomy":"product_tag","embeddable":true,"href":"https:\/\/latelierdekarina.fr\/index.php\/wp-json\/wp\/v2\/product_tag?post=1105"}],"curies":[{"name":"wp","href":"https:\/\/api.w.org\/{rel}","templated":true}]}}