{"id":1123,"date":"2025-05-25T16:07:26","date_gmt":"2025-05-25T14:07:26","guid":{"rendered":"https:\/\/latelierdekarina.fr\/?post_type=product&#038;p=1123"},"modified":"2025-09-16T09:27:17","modified_gmt":"2025-09-16T07:27:17","slug":"cachevase-vert","status":"publish","type":"product","link":"https:\/\/latelierdekarina.fr\/index.php\/produit\/cachevase-vert\/","title":{"rendered":"Cache-vase vert"},"content":{"rendered":"<h3 class=\"\" data-start=\"150\" data-end=\"188\">Cache-vase en feutre de laine<\/h3>\n<p class=\"\" data-start=\"189\" data-end=\"225\"><strong data-start=\"189\" data-end=\"225\">Habillez vos fleurs avec douceur<\/strong><\/p>\n<p class=\"\" data-start=\"227\" data-end=\"510\">Ce cache-vase en laine feutr\u00e9e transforme un simple contenant en <strong data-start=\"292\" data-end=\"337\">objet de d\u00e9coration d\u00e9licat et chaleureux<\/strong>. Enti\u00e8rement fabriqu\u00e9 \u00e0 la main dans mon atelier, il Adaptable sur divers vases ou pots tout en apportant une <strong data-start=\"439\" data-end=\"469\">texture douce et naturelle<\/strong>, inspir\u00e9e des fibres brutes de la laine.<\/p>\n<p class=\"\" data-start=\"512\" data-end=\"736\">Sa silhouette sobre, son toucher feutr\u00e9 et sa teinte neutre ou color\u00e9 s\u2019accordent parfaitement \u00e0 tous les int\u00e9rieurs \u2014 qu\u2019il s\u2019agisse de sublimer un bouquet frais, des fleurs s\u00e9ch\u00e9es ou une simple branche cueillie au jardin.<\/p>\n<p class=\"\" data-start=\"738\" data-end=\"895\">\u00a0100 % laine feutr\u00e9e<br data-start=\"768\" data-end=\"771\" \/>\u00a0Fabrication artisanale, pi\u00e8ce unique<br data-start=\"810\" data-end=\"813\" \/>\u00a0Adaptable sur divers vases ou pots<br data-start=\"850\" data-end=\"853\" \/>\u00a0Une touche douce pour votre d\u00e9co florale<\/p>\n","protected":false},"excerpt":{"rendered":"<p>Cache vase 100%laine feutr\u00e9 ,placez un petit r\u00e9cipient sous le cache-vase et glissez quelques fleurs fra\u00eeches ou s\u00e9ch\u00e9es.<\/p>\n<div class='heateor_sss_sharing_container heateor_sss_vertical_sharing heateor_sss_bottom_sharing' style='width:44px;right: -10px;top: 100px;-webkit-box-shadow:none;box-shadow:none;' data-heateor-sss-href='https:\/\/latelierdekarina.fr\/index.php\/wp-json\/wp\/v2\/product\/1123'><div class=\"heateor_sss_sharing_ul\"><a aria-label=\"Instagram\" class=\"heateor_sss_button_instagram\" href=\"https:\/\/www.instagram.com\/latelier_de_karina\" title=\"Instagram\" rel=\"nofollow noopener\" target=\"_blank\" style=\"font-size:32px!important;box-shadow:none;display:inline-block;vertical-align:middle\"><span class=\"heateor_sss_svg\" style=\"background-color:#53beee;width:40px;height:40px;border-radius:999px;display:inline-block;opacity:1;float:left;font-size:32px;box-shadow:none;display:inline-block;font-size:16px;padding:0 4px;vertical-align:middle;background-repeat:repeat;overflow:hidden;padding:0;cursor:pointer;box-sizing:content-box\"><svg style=\"display:block;border-radius:999px;\" version=\"1.1\" viewBox=\"-10 -10 148 148\" width=\"100%\" height=\"100%\" xml:space=\"preserve\" xmlns=\"http:\/\/www.w3.org\/2000\/svg\" xmlns:xlink=\"http:\/\/www.w3.org\/1999\/xlink\"><g><g><path d=\"M86,112H42c-14.336,0-26-11.663-26-26V42c0-14.337,11.664-26,26-26h44c14.337,0,26,11.663,26,26v44 C112,100.337,100.337,112,86,112z M42,24c-9.925,0-18,8.074-18,18v44c0,9.925,8.075,18,18,18h44c9.926,0,18-8.075,18-18V42 c0-9.926-8.074-18-18-18H42z\" fill=\"#fff\"><\/path><\/g><g><path d=\"M64,88c-13.234,0-24-10.767-24-24c0-13.234,10.766-24,24-24s24,10.766,24,24C88,77.233,77.234,88,64,88z M64,48c-8.822,0-16,7.178-16,16s7.178,16,16,16c8.822,0,16-7.178,16-16S72.822,48,64,48z\" fill=\"#fff\"><\/path><\/g><g><circle cx=\"89.5\" cy=\"38.5\" fill=\"#fff\" r=\"5.5\"><\/circle><\/g><\/g><\/svg><\/span><\/a><\/div><div class=\"heateorSssClear\"><\/div><\/div>","protected":false},"featured_media":1121,"comment_status":"open","ping_status":"closed","template":"","meta":[],"product_brand":[],"product_cat":[19],"product_tag":[],"class_list":{"0":"post-1123","1":"product","2":"type-product","3":"status-publish","4":"has-post-thumbnail","6":"product_cat-laine-feutre","8":"entry","9":"has-media","11":"first","12":"instock","13":"shipping-taxable","14":"purchasable","15":"product-type-simple","16":"has-product-nav","17":"col","18":"span_1_of_3","19":"owp-content-center","20":"owp-thumbs-layout-horizontal","21":"owp-btn-normal","22":"owp-tabs-layout-horizontal"},"yoast_head":"<!-- This site is optimized with the Yoast SEO plugin v27.2 - https:\/\/yoast.com\/product\/yoast-seo-wordpress\/ -->\n<title>Cache-vase vert - L&#039;atelier de karina<\/title>\n<meta name=\"robots\" content=\"index, follow, max-snippet:-1, max-image-preview:large, max-video-preview:-1\" \/>\n<link rel=\"canonical\" href=\"https:\/\/latelierdekarina.fr\/index.php\/produit\/cachevase-vert\/\" \/>\n<meta property=\"og:locale\" content=\"en_US\" \/>\n<meta property=\"og:type\" content=\"article\" \/>\n<meta property=\"og:title\" content=\"Cache-vase vert - L&#039;atelier de karina\" \/>\n<meta property=\"og:description\" content=\"Cache vase 100%laine feutr\u00e9 ,placez un petit r\u00e9cipient sous le cache-vase et glissez quelques fleurs fra\u00eeches ou s\u00e9ch\u00e9es.\" \/>\n<meta property=\"og:url\" content=\"https:\/\/latelierdekarina.fr\/index.php\/produit\/cachevase-vert\/\" \/>\n<meta property=\"og:site_name\" content=\"L&#039;atelier de karina\" \/>\n<meta property=\"article:modified_time\" content=\"2025-09-16T07:27:17+00:00\" \/>\n<meta name=\"twitter:card\" content=\"summary_large_image\" \/>\n<meta name=\"twitter:label1\" content=\"Est. reading time\" \/>\n\t<meta name=\"twitter:data1\" content=\"1 minute\" \/>\n<script type=\"application\/ld+json\" class=\"yoast-schema-graph\">{\"@context\":\"https:\/\/schema.org\",\"@graph\":[{\"@type\":\"WebPage\",\"@id\":\"https:\/\/latelierdekarina.fr\/index.php\/produit\/cachevase-vert\/\",\"url\":\"https:\/\/latelierdekarina.fr\/index.php\/produit\/cachevase-vert\/\",\"name\":\"Cache-vase vert - L&#039;atelier de karina\",\"isPartOf\":{\"@id\":\"https:\/\/latelierdekarina.fr\/#website\"},\"primaryImageOfPage\":{\"@id\":\"https:\/\/latelierdekarina.fr\/index.php\/produit\/cachevase-vert\/#primaryimage\"},\"image\":{\"@id\":\"https:\/\/latelierdekarina.fr\/index.php\/produit\/cachevase-vert\/#primaryimage\"},\"thumbnailUrl\":\"https:\/\/latelierdekarina.fr\/wp-content\/uploads\/2025\/05\/IMG_8328-scaled.jpg\",\"datePublished\":\"2025-05-25T14:07:26+00:00\",\"dateModified\":\"2025-09-16T07:27:17+00:00\",\"breadcrumb\":{\"@id\":\"https:\/\/latelierdekarina.fr\/index.php\/produit\/cachevase-vert\/#breadcrumb\"},\"inLanguage\":\"en-US\",\"potentialAction\":[{\"@type\":\"ReadAction\",\"target\":[\"https:\/\/latelierdekarina.fr\/index.php\/produit\/cachevase-vert\/\"]}]},{\"@type\":\"ImageObject\",\"inLanguage\":\"en-US\",\"@id\":\"https:\/\/latelierdekarina.fr\/index.php\/produit\/cachevase-vert\/#primaryimage\",\"url\":\"https:\/\/latelierdekarina.fr\/wp-content\/uploads\/2025\/05\/IMG_8328-scaled.jpg\",\"contentUrl\":\"https:\/\/latelierdekarina.fr\/wp-content\/uploads\/2025\/05\/IMG_8328-scaled.jpg\",\"width\":1920,\"height\":2560},{\"@type\":\"BreadcrumbList\",\"@id\":\"https:\/\/latelierdekarina.fr\/index.php\/produit\/cachevase-vert\/#breadcrumb\",\"itemListElement\":[{\"@type\":\"ListItem\",\"position\":1,\"name\":\"Accueil\",\"item\":\"https:\/\/latelierdekarina.fr\/\"},{\"@type\":\"ListItem\",\"position\":2,\"name\":\"Produits\",\"item\":\"https:\/\/latelierdekarina.fr\/index.php\/boutique\/\"},{\"@type\":\"ListItem\",\"position\":3,\"name\":\"Cache-vase vert\"}]},{\"@type\":\"WebSite\",\"@id\":\"https:\/\/latelierdekarina.fr\/#website\",\"url\":\"https:\/\/latelierdekarina.fr\/\",\"name\":\"L&#039;atelier de karina\",\"description\":\"Un site utilisant WordPress\",\"publisher\":{\"@id\":\"https:\/\/latelierdekarina.fr\/#organization\"},\"potentialAction\":[{\"@type\":\"SearchAction\",\"target\":{\"@type\":\"EntryPoint\",\"urlTemplate\":\"https:\/\/latelierdekarina.fr\/?s={search_term_string}\"},\"query-input\":{\"@type\":\"PropertyValueSpecification\",\"valueRequired\":true,\"valueName\":\"search_term_string\"}}],\"inLanguage\":\"en-US\"},{\"@type\":\"Organization\",\"@id\":\"https:\/\/latelierdekarina.fr\/#organization\",\"name\":\"L&#039;atelier de karina\",\"url\":\"https:\/\/latelierdekarina.fr\/\",\"logo\":{\"@type\":\"ImageObject\",\"inLanguage\":\"en-US\",\"@id\":\"https:\/\/latelierdekarina.fr\/#\/schema\/logo\/image\/\",\"url\":\"https:\/\/latelierdekarina.fr\/wp-content\/uploads\/2025\/04\/cropped-Logo-site-Internet.jpg\",\"contentUrl\":\"https:\/\/latelierdekarina.fr\/wp-content\/uploads\/2025\/04\/cropped-Logo-site-Internet.jpg\",\"width\":1023,\"height\":829,\"caption\":\"L&#039;atelier de karina\"},\"image\":{\"@id\":\"https:\/\/latelierdekarina.fr\/#\/schema\/logo\/image\/\"}}]}<\/script>\n<!-- \/ Yoast SEO plugin. -->","yoast_head_json":{"title":"Cache-vase vert - L&#039;atelier de karina","robots":{"index":"index","follow":"follow","max-snippet":"max-snippet:-1","max-image-preview":"max-image-preview:large","max-video-preview":"max-video-preview:-1"},"canonical":"https:\/\/latelierdekarina.fr\/index.php\/produit\/cachevase-vert\/","og_locale":"en_US","og_type":"article","og_title":"Cache-vase vert - L&#039;atelier de karina","og_description":"Cache vase 100%laine feutr\u00e9 ,placez un petit r\u00e9cipient sous le cache-vase et glissez quelques fleurs fra\u00eeches ou s\u00e9ch\u00e9es.","og_url":"https:\/\/latelierdekarina.fr\/index.php\/produit\/cachevase-vert\/","og_site_name":"L&#039;atelier de karina","article_modified_time":"2025-09-16T07:27:17+00:00","twitter_card":"summary_large_image","twitter_misc":{"Est. reading time":"1 minute"},"schema":{"@context":"https:\/\/schema.org","@graph":[{"@type":"WebPage","@id":"https:\/\/latelierdekarina.fr\/index.php\/produit\/cachevase-vert\/","url":"https:\/\/latelierdekarina.fr\/index.php\/produit\/cachevase-vert\/","name":"Cache-vase vert - L&#039;atelier de karina","isPartOf":{"@id":"https:\/\/latelierdekarina.fr\/#website"},"primaryImageOfPage":{"@id":"https:\/\/latelierdekarina.fr\/index.php\/produit\/cachevase-vert\/#primaryimage"},"image":{"@id":"https:\/\/latelierdekarina.fr\/index.php\/produit\/cachevase-vert\/#primaryimage"},"thumbnailUrl":"https:\/\/latelierdekarina.fr\/wp-content\/uploads\/2025\/05\/IMG_8328-scaled.jpg","datePublished":"2025-05-25T14:07:26+00:00","dateModified":"2025-09-16T07:27:17+00:00","breadcrumb":{"@id":"https:\/\/latelierdekarina.fr\/index.php\/produit\/cachevase-vert\/#breadcrumb"},"inLanguage":"en-US","potentialAction":[{"@type":"ReadAction","target":["https:\/\/latelierdekarina.fr\/index.php\/produit\/cachevase-vert\/"]}]},{"@type":"ImageObject","inLanguage":"en-US","@id":"https:\/\/latelierdekarina.fr\/index.php\/produit\/cachevase-vert\/#primaryimage","url":"https:\/\/latelierdekarina.fr\/wp-content\/uploads\/2025\/05\/IMG_8328-scaled.jpg","contentUrl":"https:\/\/latelierdekarina.fr\/wp-content\/uploads\/2025\/05\/IMG_8328-scaled.jpg","width":1920,"height":2560},{"@type":"BreadcrumbList","@id":"https:\/\/latelierdekarina.fr\/index.php\/produit\/cachevase-vert\/#breadcrumb","itemListElement":[{"@type":"ListItem","position":1,"name":"Accueil","item":"https:\/\/latelierdekarina.fr\/"},{"@type":"ListItem","position":2,"name":"Produits","item":"https:\/\/latelierdekarina.fr\/index.php\/boutique\/"},{"@type":"ListItem","position":3,"name":"Cache-vase vert"}]},{"@type":"WebSite","@id":"https:\/\/latelierdekarina.fr\/#website","url":"https:\/\/latelierdekarina.fr\/","name":"L&#039;atelier de karina","description":"Un site utilisant WordPress","publisher":{"@id":"https:\/\/latelierdekarina.fr\/#organization"},"potentialAction":[{"@type":"SearchAction","target":{"@type":"EntryPoint","urlTemplate":"https:\/\/latelierdekarina.fr\/?s={search_term_string}"},"query-input":{"@type":"PropertyValueSpecification","valueRequired":true,"valueName":"search_term_string"}}],"inLanguage":"en-US"},{"@type":"Organization","@id":"https:\/\/latelierdekarina.fr\/#organization","name":"L&#039;atelier de karina","url":"https:\/\/latelierdekarina.fr\/","logo":{"@type":"ImageObject","inLanguage":"en-US","@id":"https:\/\/latelierdekarina.fr\/#\/schema\/logo\/image\/","url":"https:\/\/latelierdekarina.fr\/wp-content\/uploads\/2025\/04\/cropped-Logo-site-Internet.jpg","contentUrl":"https:\/\/latelierdekarina.fr\/wp-content\/uploads\/2025\/04\/cropped-Logo-site-Internet.jpg","width":1023,"height":829,"caption":"L&#039;atelier de karina"},"image":{"@id":"https:\/\/latelierdekarina.fr\/#\/schema\/logo\/image\/"}}]}},"_links":{"self":[{"href":"https:\/\/latelierdekarina.fr\/index.php\/wp-json\/wp\/v2\/product\/1123","targetHints":{"allow":["GET"]}}],"collection":[{"href":"https:\/\/latelierdekarina.fr\/index.php\/wp-json\/wp\/v2\/product"}],"about":[{"href":"https:\/\/latelierdekarina.fr\/index.php\/wp-json\/wp\/v2\/types\/product"}],"replies":[{"embeddable":true,"href":"https:\/\/latelierdekarina.fr\/index.php\/wp-json\/wp\/v2\/comments?post=1123"}],"wp:featuredmedia":[{"embeddable":true,"href":"https:\/\/latelierdekarina.fr\/index.php\/wp-json\/wp\/v2\/media\/1121"}],"wp:attachment":[{"href":"https:\/\/latelierdekarina.fr\/index.php\/wp-json\/wp\/v2\/media?parent=1123"}],"wp:term":[{"taxonomy":"product_brand","embeddable":true,"href":"https:\/\/latelierdekarina.fr\/index.php\/wp-json\/wp\/v2\/product_brand?post=1123"},{"taxonomy":"product_cat","embeddable":true,"href":"https:\/\/latelierdekarina.fr\/index.php\/wp-json\/wp\/v2\/product_cat?post=1123"},{"taxonomy":"product_tag","embeddable":true,"href":"https:\/\/latelierdekarina.fr\/index.php\/wp-json\/wp\/v2\/product_tag?post=1123"}],"curies":[{"name":"wp","href":"https:\/\/api.w.org\/{rel}","templated":true}]}}