{"id":836,"date":"2025-05-13T16:44:42","date_gmt":"2025-05-13T14:44:42","guid":{"rendered":"https:\/\/latelierdekarina.fr\/?post_type=product&#038;p=836"},"modified":"2025-05-20T15:04:46","modified_gmt":"2025-05-20T13:04:46","slug":"mouton","status":"publish","type":"product","link":"https:\/\/latelierdekarina.fr\/index.php\/produit\/mouton\/","title":{"rendered":"Mouton"},"content":{"rendered":"","protected":false},"excerpt":{"rendered":"<h3 class=\"\" data-start=\"682\" data-end=\"707\"><strong>MOUTON D\u00c9CORATIF<\/strong><\/h3>\n<p class=\"\" data-start=\"708\" data-end=\"928\"><strong data-start=\"708\" data-end=\"760\">Un compagnon laineux \u00e0 poser ou offrir.<\/strong><br data-start=\"760\" data-end=\"763\" \/><strong>R\u00e9alis\u00e9 \u00e0 la main avec tendresse, ce petit mouton en laine locale deviendra vite la mascotte de votre int\u00e9rieur. Un clin d&#8217;\u0153il plein de charme aux p\u00e2turages des Pyr\u00e9n\u00e9es<br \/>\n<\/strong><\/p>\n<hr class=\"\" data-start=\"930\" data-end=\"933\" \/>\n<p><strong>Moutons D\u00e9co fabrique avec des matiere recycl\u00e9 ,papier ,metal,bois et 100% pure laine.<\/strong><\/p>\n<p><strong>Le Taille de moutons peut varier entre 10cm et 13cm.<\/strong><\/p>\n<p>&nbsp;<\/p>\n<p>&nbsp;<\/p>\n<div class='heateor_sss_sharing_container heateor_sss_vertical_sharing heateor_sss_bottom_sharing' style='width:44px;right: -10px;top: 100px;-webkit-box-shadow:none;box-shadow:none;' data-heateor-sss-href='https:\/\/latelierdekarina.fr\/index.php\/wp-json\/wp\/v2\/product\/836'><div class=\"heateor_sss_sharing_ul\"><a aria-label=\"Instagram\" class=\"heateor_sss_button_instagram\" href=\"https:\/\/www.instagram.com\/latelier_de_karina\" title=\"Instagram\" rel=\"nofollow noopener\" target=\"_blank\" style=\"font-size:32px!important;box-shadow:none;display:inline-block;vertical-align:middle\"><span class=\"heateor_sss_svg\" style=\"background-color:#53beee;width:40px;height:40px;border-radius:999px;display:inline-block;opacity:1;float:left;font-size:32px;box-shadow:none;display:inline-block;font-size:16px;padding:0 4px;vertical-align:middle;background-repeat:repeat;overflow:hidden;padding:0;cursor:pointer;box-sizing:content-box\"><svg style=\"display:block;border-radius:999px;\" version=\"1.1\" viewBox=\"-10 -10 148 148\" width=\"100%\" height=\"100%\" xml:space=\"preserve\" xmlns=\"http:\/\/www.w3.org\/2000\/svg\" xmlns:xlink=\"http:\/\/www.w3.org\/1999\/xlink\"><g><g><path d=\"M86,112H42c-14.336,0-26-11.663-26-26V42c0-14.337,11.664-26,26-26h44c14.337,0,26,11.663,26,26v44 C112,100.337,100.337,112,86,112z M42,24c-9.925,0-18,8.074-18,18v44c0,9.925,8.075,18,18,18h44c9.926,0,18-8.075,18-18V42 c0-9.926-8.074-18-18-18H42z\" fill=\"#fff\"><\/path><\/g><g><path d=\"M64,88c-13.234,0-24-10.767-24-24c0-13.234,10.766-24,24-24s24,10.766,24,24C88,77.233,77.234,88,64,88z M64,48c-8.822,0-16,7.178-16,16s7.178,16,16,16c8.822,0,16-7.178,16-16S72.822,48,64,48z\" fill=\"#fff\"><\/path><\/g><g><circle cx=\"89.5\" cy=\"38.5\" fill=\"#fff\" r=\"5.5\"><\/circle><\/g><\/g><\/svg><\/span><\/a><\/div><div class=\"heateorSssClear\"><\/div><\/div>","protected":false},"featured_media":959,"comment_status":"open","ping_status":"closed","template":"","meta":[],"product_brand":[],"product_cat":[18],"product_tag":[],"class_list":{"0":"post-836","1":"product","2":"type-product","3":"status-publish","4":"has-post-thumbnail","6":"product_cat-recyclage-douceur-montagnes-brebis","8":"entry","9":"has-media","11":"first","12":"instock","13":"shipping-taxable","14":"purchasable","15":"product-type-variable","16":"has-product-nav","17":"col","18":"span_1_of_3","19":"owp-content-center","20":"owp-thumbs-layout-horizontal","21":"owp-btn-normal","22":"owp-tabs-layout-horizontal"},"yoast_head":"<!-- This site is optimized with the Yoast SEO plugin v27.2 - https:\/\/yoast.com\/product\/yoast-seo-wordpress\/ -->\n<title>Mouton - L&#039;atelier de karina<\/title>\n<meta name=\"robots\" content=\"index, follow, max-snippet:-1, max-image-preview:large, max-video-preview:-1\" \/>\n<link rel=\"canonical\" href=\"https:\/\/latelierdekarina.fr\/index.php\/produit\/mouton\/\" \/>\n<meta property=\"og:locale\" content=\"en_US\" \/>\n<meta property=\"og:type\" content=\"article\" \/>\n<meta property=\"og:title\" content=\"Mouton - L&#039;atelier de karina\" \/>\n<meta property=\"og:description\" content=\"MOUTON D\u00c9CORATIF Un compagnon laineux \u00e0 poser ou offrir.R\u00e9alis\u00e9 \u00e0 la main avec tendresse, ce petit mouton en laine locale deviendra vite la mascotte de votre int\u00e9rieur. Un clin d&#039;\u0153il plein de charme aux p\u00e2turages des Pyr\u00e9n\u00e9es      Moutons D\u00e9co fabrique avec des matiere recycl\u00e9 ,papier ,metal,bois et 100% pure laine.  Le Taille de moutons peut varier entre 10cm et 13cm.  &nbsp;  &nbsp;\" \/>\n<meta property=\"og:url\" content=\"https:\/\/latelierdekarina.fr\/index.php\/produit\/mouton\/\" \/>\n<meta property=\"og:site_name\" content=\"L&#039;atelier de karina\" \/>\n<meta property=\"article:modified_time\" content=\"2025-05-20T13:04:46+00:00\" \/>\n<meta name=\"twitter:card\" content=\"summary_large_image\" \/>\n<meta name=\"twitter:label1\" content=\"Est. reading time\" \/>\n\t<meta name=\"twitter:data1\" content=\"1 minute\" \/>\n<script type=\"application\/ld+json\" class=\"yoast-schema-graph\">{\"@context\":\"https:\/\/schema.org\",\"@graph\":[{\"@type\":\"WebPage\",\"@id\":\"https:\/\/latelierdekarina.fr\/index.php\/produit\/mouton\/\",\"url\":\"https:\/\/latelierdekarina.fr\/index.php\/produit\/mouton\/\",\"name\":\"Mouton - L&#039;atelier de karina\",\"isPartOf\":{\"@id\":\"https:\/\/latelierdekarina.fr\/#website\"},\"primaryImageOfPage\":{\"@id\":\"https:\/\/latelierdekarina.fr\/index.php\/produit\/mouton\/#primaryimage\"},\"image\":{\"@id\":\"https:\/\/latelierdekarina.fr\/index.php\/produit\/mouton\/#primaryimage\"},\"thumbnailUrl\":\"https:\/\/latelierdekarina.fr\/wp-content\/uploads\/2025\/05\/IMG_8260-scaled.jpg\",\"datePublished\":\"2025-05-13T14:44:42+00:00\",\"dateModified\":\"2025-05-20T13:04:46+00:00\",\"breadcrumb\":{\"@id\":\"https:\/\/latelierdekarina.fr\/index.php\/produit\/mouton\/#breadcrumb\"},\"inLanguage\":\"en-US\",\"potentialAction\":[{\"@type\":\"ReadAction\",\"target\":[\"https:\/\/latelierdekarina.fr\/index.php\/produit\/mouton\/\"]}]},{\"@type\":\"ImageObject\",\"inLanguage\":\"en-US\",\"@id\":\"https:\/\/latelierdekarina.fr\/index.php\/produit\/mouton\/#primaryimage\",\"url\":\"https:\/\/latelierdekarina.fr\/wp-content\/uploads\/2025\/05\/IMG_8260-scaled.jpg\",\"contentUrl\":\"https:\/\/latelierdekarina.fr\/wp-content\/uploads\/2025\/05\/IMG_8260-scaled.jpg\",\"width\":2560,\"height\":1920},{\"@type\":\"BreadcrumbList\",\"@id\":\"https:\/\/latelierdekarina.fr\/index.php\/produit\/mouton\/#breadcrumb\",\"itemListElement\":[{\"@type\":\"ListItem\",\"position\":1,\"name\":\"Accueil\",\"item\":\"https:\/\/latelierdekarina.fr\/\"},{\"@type\":\"ListItem\",\"position\":2,\"name\":\"Produits\",\"item\":\"https:\/\/latelierdekarina.fr\/index.php\/boutique\/\"},{\"@type\":\"ListItem\",\"position\":3,\"name\":\"Mouton\"}]},{\"@type\":\"WebSite\",\"@id\":\"https:\/\/latelierdekarina.fr\/#website\",\"url\":\"https:\/\/latelierdekarina.fr\/\",\"name\":\"L&#039;atelier de karina\",\"description\":\"Un site utilisant WordPress\",\"publisher\":{\"@id\":\"https:\/\/latelierdekarina.fr\/#organization\"},\"potentialAction\":[{\"@type\":\"SearchAction\",\"target\":{\"@type\":\"EntryPoint\",\"urlTemplate\":\"https:\/\/latelierdekarina.fr\/?s={search_term_string}\"},\"query-input\":{\"@type\":\"PropertyValueSpecification\",\"valueRequired\":true,\"valueName\":\"search_term_string\"}}],\"inLanguage\":\"en-US\"},{\"@type\":\"Organization\",\"@id\":\"https:\/\/latelierdekarina.fr\/#organization\",\"name\":\"L&#039;atelier de karina\",\"url\":\"https:\/\/latelierdekarina.fr\/\",\"logo\":{\"@type\":\"ImageObject\",\"inLanguage\":\"en-US\",\"@id\":\"https:\/\/latelierdekarina.fr\/#\/schema\/logo\/image\/\",\"url\":\"https:\/\/latelierdekarina.fr\/wp-content\/uploads\/2025\/04\/cropped-Logo-site-Internet.jpg\",\"contentUrl\":\"https:\/\/latelierdekarina.fr\/wp-content\/uploads\/2025\/04\/cropped-Logo-site-Internet.jpg\",\"width\":1023,\"height\":829,\"caption\":\"L&#039;atelier de karina\"},\"image\":{\"@id\":\"https:\/\/latelierdekarina.fr\/#\/schema\/logo\/image\/\"}}]}<\/script>\n<!-- \/ Yoast SEO plugin. -->","yoast_head_json":{"title":"Mouton - L&#039;atelier de karina","robots":{"index":"index","follow":"follow","max-snippet":"max-snippet:-1","max-image-preview":"max-image-preview:large","max-video-preview":"max-video-preview:-1"},"canonical":"https:\/\/latelierdekarina.fr\/index.php\/produit\/mouton\/","og_locale":"en_US","og_type":"article","og_title":"Mouton - L&#039;atelier de karina","og_description":"MOUTON D\u00c9CORATIF Un compagnon laineux \u00e0 poser ou offrir.R\u00e9alis\u00e9 \u00e0 la main avec tendresse, ce petit mouton en laine locale deviendra vite la mascotte de votre int\u00e9rieur. Un clin d'\u0153il plein de charme aux p\u00e2turages des Pyr\u00e9n\u00e9es      Moutons D\u00e9co fabrique avec des matiere recycl\u00e9 ,papier ,metal,bois et 100% pure laine.  Le Taille de moutons peut varier entre 10cm et 13cm.  &nbsp;  &nbsp;","og_url":"https:\/\/latelierdekarina.fr\/index.php\/produit\/mouton\/","og_site_name":"L&#039;atelier de karina","article_modified_time":"2025-05-20T13:04:46+00:00","twitter_card":"summary_large_image","twitter_misc":{"Est. reading time":"1 minute"},"schema":{"@context":"https:\/\/schema.org","@graph":[{"@type":"WebPage","@id":"https:\/\/latelierdekarina.fr\/index.php\/produit\/mouton\/","url":"https:\/\/latelierdekarina.fr\/index.php\/produit\/mouton\/","name":"Mouton - L&#039;atelier de karina","isPartOf":{"@id":"https:\/\/latelierdekarina.fr\/#website"},"primaryImageOfPage":{"@id":"https:\/\/latelierdekarina.fr\/index.php\/produit\/mouton\/#primaryimage"},"image":{"@id":"https:\/\/latelierdekarina.fr\/index.php\/produit\/mouton\/#primaryimage"},"thumbnailUrl":"https:\/\/latelierdekarina.fr\/wp-content\/uploads\/2025\/05\/IMG_8260-scaled.jpg","datePublished":"2025-05-13T14:44:42+00:00","dateModified":"2025-05-20T13:04:46+00:00","breadcrumb":{"@id":"https:\/\/latelierdekarina.fr\/index.php\/produit\/mouton\/#breadcrumb"},"inLanguage":"en-US","potentialAction":[{"@type":"ReadAction","target":["https:\/\/latelierdekarina.fr\/index.php\/produit\/mouton\/"]}]},{"@type":"ImageObject","inLanguage":"en-US","@id":"https:\/\/latelierdekarina.fr\/index.php\/produit\/mouton\/#primaryimage","url":"https:\/\/latelierdekarina.fr\/wp-content\/uploads\/2025\/05\/IMG_8260-scaled.jpg","contentUrl":"https:\/\/latelierdekarina.fr\/wp-content\/uploads\/2025\/05\/IMG_8260-scaled.jpg","width":2560,"height":1920},{"@type":"BreadcrumbList","@id":"https:\/\/latelierdekarina.fr\/index.php\/produit\/mouton\/#breadcrumb","itemListElement":[{"@type":"ListItem","position":1,"name":"Accueil","item":"https:\/\/latelierdekarina.fr\/"},{"@type":"ListItem","position":2,"name":"Produits","item":"https:\/\/latelierdekarina.fr\/index.php\/boutique\/"},{"@type":"ListItem","position":3,"name":"Mouton"}]},{"@type":"WebSite","@id":"https:\/\/latelierdekarina.fr\/#website","url":"https:\/\/latelierdekarina.fr\/","name":"L&#039;atelier de karina","description":"Un site utilisant WordPress","publisher":{"@id":"https:\/\/latelierdekarina.fr\/#organization"},"potentialAction":[{"@type":"SearchAction","target":{"@type":"EntryPoint","urlTemplate":"https:\/\/latelierdekarina.fr\/?s={search_term_string}"},"query-input":{"@type":"PropertyValueSpecification","valueRequired":true,"valueName":"search_term_string"}}],"inLanguage":"en-US"},{"@type":"Organization","@id":"https:\/\/latelierdekarina.fr\/#organization","name":"L&#039;atelier de karina","url":"https:\/\/latelierdekarina.fr\/","logo":{"@type":"ImageObject","inLanguage":"en-US","@id":"https:\/\/latelierdekarina.fr\/#\/schema\/logo\/image\/","url":"https:\/\/latelierdekarina.fr\/wp-content\/uploads\/2025\/04\/cropped-Logo-site-Internet.jpg","contentUrl":"https:\/\/latelierdekarina.fr\/wp-content\/uploads\/2025\/04\/cropped-Logo-site-Internet.jpg","width":1023,"height":829,"caption":"L&#039;atelier de karina"},"image":{"@id":"https:\/\/latelierdekarina.fr\/#\/schema\/logo\/image\/"}}]}},"_links":{"self":[{"href":"https:\/\/latelierdekarina.fr\/index.php\/wp-json\/wp\/v2\/product\/836","targetHints":{"allow":["GET"]}}],"collection":[{"href":"https:\/\/latelierdekarina.fr\/index.php\/wp-json\/wp\/v2\/product"}],"about":[{"href":"https:\/\/latelierdekarina.fr\/index.php\/wp-json\/wp\/v2\/types\/product"}],"replies":[{"embeddable":true,"href":"https:\/\/latelierdekarina.fr\/index.php\/wp-json\/wp\/v2\/comments?post=836"}],"wp:featuredmedia":[{"embeddable":true,"href":"https:\/\/latelierdekarina.fr\/index.php\/wp-json\/wp\/v2\/media\/959"}],"wp:attachment":[{"href":"https:\/\/latelierdekarina.fr\/index.php\/wp-json\/wp\/v2\/media?parent=836"}],"wp:term":[{"taxonomy":"product_brand","embeddable":true,"href":"https:\/\/latelierdekarina.fr\/index.php\/wp-json\/wp\/v2\/product_brand?post=836"},{"taxonomy":"product_cat","embeddable":true,"href":"https:\/\/latelierdekarina.fr\/index.php\/wp-json\/wp\/v2\/product_cat?post=836"},{"taxonomy":"product_tag","embeddable":true,"href":"https:\/\/latelierdekarina.fr\/index.php\/wp-json\/wp\/v2\/product_tag?post=836"}],"curies":[{"name":"wp","href":"https:\/\/api.w.org\/{rel}","templated":true}]}}